{"id":544,"date":"2022-10-30T19:12:26","date_gmt":"2022-10-30T19:12:26","guid":{"rendered":"http:\/\/pkorsak.eu\/audio-video\/"},"modified":"2023-01-21T19:32:43","modified_gmt":"2023-01-21T19:32:43","slug":"audio-video","status":"publish","type":"page","link":"https:\/\/pkorsak.eu\/en\/audio-video\/","title":{"rendered":"AUDIO\/VIDEO"},"content":{"rendered":"\n<p>I take great pleasure in recording and mixing audio\/video. Of course, the global pandemic made playing or recording live almost impossible. That&#8217;s why I&#8217;ve been searching for remote mixing jobs.<\/p>\n\n<p>Two medium medium-lentgh documentaries for which I post-produced sound are still waiting for their premiere. I&#8217;ve taken this time to learn new DAWs, and get more theoretic background.<\/p>\n\n<p>Recently, I&#8217;ve been recording some of my own tracks.<\/p>\n\n<div class=\"wp-block-media-text alignwide is-stacked-on-mobile\"><figure class=\"wp-block-media-text__media\"><img loading=\"lazy\" decoding=\"async\" width=\"933\" height=\"524\" src=\"http:\/\/pkorsak.eu\/wp-content\/uploads\/2022\/11\/niwea.png\" alt=\"photo\" class=\"wp-image-210 size-full\" srcset=\"https:\/\/pkorsak.eu\/wp-content\/uploads\/2022\/11\/niwea.png 933w, https:\/\/pkorsak.eu\/wp-content\/uploads\/2022\/11\/niwea-300x168.png 300w, https:\/\/pkorsak.eu\/wp-content\/uploads\/2022\/11\/niwea-768x431.png 768w\" sizes=\"(max-width: 933px) 100vw, 933px\" \/><\/figure><div class=\"wp-block-media-text__content\">\n<h2 class=\"wp-block-heading\">Niwea &#8211; \u0141askocz\u0105ce rzeczy [cover]<\/h2>\n\n\n\n<p><a href=\"https:\/\/dai.ly\/x7svmdb\">Arrangement, mix, master<br\/>Recording and mixing Piotr Korsak, video &#8211; Filip Lisowski<\/a><\/p>\n<\/div><\/div>\n\n<div style=\"height:30px\" aria-hidden=\"true\" class=\"wp-block-spacer\"><\/div>\n\n<div class=\"wp-block-media-text alignwide is-stacked-on-mobile\"><figure class=\"wp-block-media-text__media\"><img loading=\"lazy\" decoding=\"async\" width=\"898\" height=\"386\" src=\"http:\/\/pkorsak.eu\/wp-content\/uploads\/2022\/11\/iana.png\" alt=\"photo\" class=\"wp-image-212 size-full\" srcset=\"https:\/\/pkorsak.eu\/wp-content\/uploads\/2022\/11\/iana.png 898w, https:\/\/pkorsak.eu\/wp-content\/uploads\/2022\/11\/iana-300x129.png 300w, https:\/\/pkorsak.eu\/wp-content\/uploads\/2022\/11\/iana-768x330.png 768w\" sizes=\"(max-width: 898px) 100vw, 898px\" \/><\/figure><div class=\"wp-block-media-text__content\">\n<h2 class=\"wp-block-heading\">Short pitch movie<\/h2>\n\n\n\n<p><a href=\"https:\/\/dai.ly\/x7sx1sh\"><br\/>Sound editing and post-production of sound effects<\/a><\/p>\n<\/div><\/div>\n\n<div style=\"height:30px\" aria-hidden=\"true\" class=\"wp-block-spacer\"><\/div>\n\n<div class=\"wp-block-media-text alignwide is-stacked-on-mobile\"><figure class=\"wp-block-media-text__media\"><img loading=\"lazy\" decoding=\"async\" width=\"300\" height=\"300\" src=\"http:\/\/pkorsak.eu\/wp-content\/uploads\/2022\/11\/0008141197_10-300x300.jpg\" alt=\"photo\" class=\"wp-image-214 size-medium\" srcset=\"https:\/\/pkorsak.eu\/wp-content\/uploads\/2022\/11\/0008141197_10-300x300.jpg 300w, https:\/\/pkorsak.eu\/wp-content\/uploads\/2022\/11\/0008141197_10-1024x1024.jpg 1024w, https:\/\/pkorsak.eu\/wp-content\/uploads\/2022\/11\/0008141197_10-150x150.jpg 150w, https:\/\/pkorsak.eu\/wp-content\/uploads\/2022\/11\/0008141197_10-768x768.jpg 768w, https:\/\/pkorsak.eu\/wp-content\/uploads\/2022\/11\/0008141197_10.jpg 1096w\" sizes=\"(max-width: 300px) 100vw, 300px\" \/><\/figure><div class=\"wp-block-media-text__content\">\n<h3 class=\"wp-block-heading\">Asia i Koty &#8211; I&#8217;m Gonna Use My Claws<\/h3>\n\n\n\n<p><a href=\"https:\/\/youtu.be\/qDsvQCB6Aqg\"><br\/>A single from Asia i Koty&#8217;s second LP<br\/>Electronic drums and effects<\/a><\/p>\n<\/div><\/div>\n\n<div style=\"height:30px\" aria-hidden=\"true\" class=\"wp-block-spacer\"><\/div>\n\n<div class=\"wp-block-media-text alignwide is-stacked-on-mobile\"><figure class=\"wp-block-media-text__media\"><img loading=\"lazy\" decoding=\"async\" width=\"960\" height=\"640\" src=\"http:\/\/pkorsak.eu\/wp-content\/uploads\/2022\/11\/12809712_979278478786379_619317918600662017_n.jpg\" alt=\"photo\" class=\"wp-image-213 size-full\" srcset=\"https:\/\/pkorsak.eu\/wp-content\/uploads\/2022\/11\/12809712_979278478786379_619317918600662017_n.jpg 960w, https:\/\/pkorsak.eu\/wp-content\/uploads\/2022\/11\/12809712_979278478786379_619317918600662017_n-300x200.jpg 300w, https:\/\/pkorsak.eu\/wp-content\/uploads\/2022\/11\/12809712_979278478786379_619317918600662017_n-768x512.jpg 768w\" sizes=\"(max-width: 960px) 100vw, 960px\" \/><\/figure><div class=\"wp-block-media-text__content\">\n<h3 class=\"wp-block-heading\">Asia i Koty &#8211; Live in Radio Gda\u0144sk<\/h3>\n\n\n\n<p><a href=\"https:\/\/youtu.be\/VuKYVcB_gcs\"><br\/>A live recording, I play the drums<br\/>With Asia i Koty I was responsible for the drums, electronics and the drum machine<\/a><\/p>\n<\/div><\/div>\n\n<div style=\"height:30px\" aria-hidden=\"true\" class=\"wp-block-spacer\"><\/div>\n\n<div class=\"wp-block-media-text alignwide is-stacked-on-mobile\"><figure class=\"wp-block-media-text__media\"><img loading=\"lazy\" decoding=\"async\" width=\"1024\" height=\"573\" src=\"http:\/\/pkorsak.eu\/wp-content\/uploads\/2022\/11\/Zrzut-ekranu-2021-03-11-o-21.09.15-1024x573.png\" alt=\"photo\" class=\"wp-image-218 size-full\" srcset=\"https:\/\/pkorsak.eu\/wp-content\/uploads\/2022\/11\/Zrzut-ekranu-2021-03-11-o-21.09.15-1024x573.png 1024w, https:\/\/pkorsak.eu\/wp-content\/uploads\/2022\/11\/Zrzut-ekranu-2021-03-11-o-21.09.15-300x168.png 300w, https:\/\/pkorsak.eu\/wp-content\/uploads\/2022\/11\/Zrzut-ekranu-2021-03-11-o-21.09.15-768x430.png 768w, https:\/\/pkorsak.eu\/wp-content\/uploads\/2022\/11\/Zrzut-ekranu-2021-03-11-o-21.09.15-1536x859.png 1536w, https:\/\/pkorsak.eu\/wp-content\/uploads\/2022\/11\/Zrzut-ekranu-2021-03-11-o-21.09.15.png 1848w\" sizes=\"(max-width: 1024px) 100vw, 1024px\" \/><\/figure><div class=\"wp-block-media-text__content\">\n<h3 class=\"wp-block-heading\">Szezlong &#8211; About Trust<\/h3>\n\n\n\n<p><a href=\"https:\/\/dai.ly\/x7sx1bo\"><br\/>Live video editing<br\/>The show was recorded at KontenerArt in Poznan<\/a><\/p>\n<\/div><\/div>\n\n<div style=\"height:30px\" aria-hidden=\"true\" class=\"wp-block-spacer\"><\/div>\n\n<div class=\"wp-block-media-text alignwide is-stacked-on-mobile\"><figure class=\"wp-block-media-text__media\"><img loading=\"lazy\" decoding=\"async\" width=\"1024\" height=\"665\" src=\"http:\/\/pkorsak.eu\/wp-content\/uploads\/2022\/11\/Zrzut-ekranu-2021-03-15-o-22.01.02-1024x665.png\" alt=\"photo\" class=\"wp-image-219 size-full\" srcset=\"https:\/\/pkorsak.eu\/wp-content\/uploads\/2022\/11\/Zrzut-ekranu-2021-03-15-o-22.01.02-1024x665.png 1024w, https:\/\/pkorsak.eu\/wp-content\/uploads\/2022\/11\/Zrzut-ekranu-2021-03-15-o-22.01.02-300x195.png 300w, https:\/\/pkorsak.eu\/wp-content\/uploads\/2022\/11\/Zrzut-ekranu-2021-03-15-o-22.01.02-768x499.png 768w, https:\/\/pkorsak.eu\/wp-content\/uploads\/2022\/11\/Zrzut-ekranu-2021-03-15-o-22.01.02-1536x997.png 1536w, https:\/\/pkorsak.eu\/wp-content\/uploads\/2022\/11\/Zrzut-ekranu-2021-03-15-o-22.01.02.png 1784w\" sizes=\"(max-width: 1024px) 100vw, 1024px\" \/><\/figure><div class=\"wp-block-media-text__content\">\n<h3 class=\"wp-block-heading\">Szezlong &#8211; Overlap [LP]<\/h3>\n\n\n\n<p><a href=\"https:\/\/placidpersonrecords.bandcamp.com\/album\/overlap\"><br\/>Recordings done almost exclusively &#8220;live&#8221; with the band playing alltogether<br\/>with Bart\u0142omiej Maczaluk and Jakub \u017bwire\u0142\u0142o<br\/>Mix and master Micha\u0142 Kupicz<\/a><\/p>\n<\/div><\/div>\n\n<div style=\"height:30px\" aria-hidden=\"true\" class=\"wp-block-spacer\"><\/div>\n\n<div class=\"wp-block-media-text alignwide is-stacked-on-mobile\"><figure class=\"wp-block-media-text__media\"><img loading=\"lazy\" decoding=\"async\" width=\"1000\" height=\"667\" src=\"http:\/\/pkorsak.eu\/wp-content\/uploads\/2022\/10\/10631168_996172470398300_455169908209649848_o.jpg\" alt=\"\" class=\"wp-image-26 size-full\" srcset=\"https:\/\/pkorsak.eu\/wp-content\/uploads\/2022\/10\/10631168_996172470398300_455169908209649848_o.jpg 1000w, https:\/\/pkorsak.eu\/wp-content\/uploads\/2022\/10\/10631168_996172470398300_455169908209649848_o-300x200.jpg 300w, https:\/\/pkorsak.eu\/wp-content\/uploads\/2022\/10\/10631168_996172470398300_455169908209649848_o-768x512.jpg 768w\" sizes=\"(max-width: 1000px) 100vw, 1000px\" \/><\/figure><div class=\"wp-block-media-text__content\">\n<h3 class=\"wp-block-heading\">Oslo Kill City &#8211; DIY from the rehearsal room<\/h3>\n\n\n\n<p><a href=\"https:\/\/youtu.be\/VuKYVcB_gcs\"><br\/>All band recorded live in the rehearsal room<br\/>Sound and video recording and editing Piotr Korsak<br\/>100% DIY aesthetic<\/a><\/p>\n<\/div><\/div>\n\n<div style=\"height:30px\" aria-hidden=\"true\" class=\"wp-block-spacer\"><\/div>\n\n<div class=\"wp-block-media-text alignwide is-stacked-on-mobile\"><figure class=\"wp-block-media-text__media\"><img loading=\"lazy\" decoding=\"async\" width=\"1024\" height=\"478\" src=\"http:\/\/pkorsak.eu\/wp-content\/uploads\/2022\/11\/Zrzut-ekranu-2021-03-15-o-22.40.00-1024x478.png\" alt=\"photo\" class=\"wp-image-220 size-full\" srcset=\"https:\/\/pkorsak.eu\/wp-content\/uploads\/2022\/11\/Zrzut-ekranu-2021-03-15-o-22.40.00-1024x478.png 1024w, https:\/\/pkorsak.eu\/wp-content\/uploads\/2022\/11\/Zrzut-ekranu-2021-03-15-o-22.40.00-300x140.png 300w, https:\/\/pkorsak.eu\/wp-content\/uploads\/2022\/11\/Zrzut-ekranu-2021-03-15-o-22.40.00-768x358.png 768w, https:\/\/pkorsak.eu\/wp-content\/uploads\/2022\/11\/Zrzut-ekranu-2021-03-15-o-22.40.00-1536x716.png 1536w, https:\/\/pkorsak.eu\/wp-content\/uploads\/2022\/11\/Zrzut-ekranu-2021-03-15-o-22.40.00.png 1844w\" sizes=\"(max-width: 1024px) 100vw, 1024px\" \/><\/figure><div class=\"wp-block-media-text__content\">\n<h3 class=\"wp-block-heading\">We Call It A Sound &#8211; Tr\u00f3jpole [LP]<\/h3>\n\n\n\n<p><a href=\"https:\/\/wcias.bandcamp.com\/album\/tr-jpole\"><br\/>We Call It A Sound LP<br\/>I play in 3 tracks from this LP <br\/>using a classical drumset and other percussive instruments<\/a><\/p>\n<\/div><\/div>\n\n<div style=\"height:30px\" aria-hidden=\"true\" class=\"wp-block-spacer\"><\/div>\n\n<h2 class=\"wp-block-heading\">&#8230;more about audio<\/h2>\n\n<p>I started my interest in the audio world when I was still a teenager, around 2005. It was back then that I&#8217;d first encountered a bass guitar. However comical and amateur those first trials were, music and sound is a huge part of live since then. I&#8217;ve been trying to find more photos than those presented in the gallery below <a href=\"#galeria\">gallery<\/a>. Unfortunately, early 00&#8217;s weren&#8217;t the most convenient times in terms of shooting and documenting everyday lives, so probably some photos are gone forever.<\/p>\n\n<p>I was actively involved in bands such as Szezlong, Oslo Kill City and Asia i Koty. <\/p>\n\n<p>However, since 2019 I have dedicated most of the time for music recording and production. <\/p>\n\n<p>I switch between Logic, Audition, Ableton and Audacity, depending on the task. I use external plugins, but often I&#8217;m amazed by effects achieved using plain, stock tools. I like to keep my setup nice and clean. <\/p>\n\n<p>For video-related work, I use almost all of the tools from Adobe CC* (Photoshop, Premiere, After Effects and Illustrator). I am flexible while picking the right software for the job. I am also very fond of Apple&#8217;s software*, mainly Final Cut and Motion &#8211; I try not to stick only to one company.<\/p>\n\n<p>*none of the above companies or brands neither sponsor me nor did it tweak my opinion in any way; I use the software that I find the best and most suitable for me and I think that the creators deserve really huge kudos<\/p>\n","protected":false},"excerpt":{"rendered":"<p>I take great pleasure in recording and mixing audio\/video. Of course, the global pandemic made playing or recording live almost impossible. That&#8217;s why I&#8217;ve been searching for remote mixing jobs. Two medium medium-lentgh documentaries for which I post-produced sound are still waiting for their premiere. I&#8217;ve taken this time to learn new DAWs, and get [&hellip;]<\/p>\n","protected":false},"author":1,"featured_media":0,"parent":543,"menu_order":0,"comment_status":"closed","ping_status":"closed","template":"","meta":{"footnotes":""},"class_list":["post-544","page","type-page","status-publish","hentry"],"blocksy_meta":{"styles_descriptor":{"styles":{"desktop":"","tablet":"","mobile":""},"google_fonts":[],"version":5}},"_links":{"self":[{"href":"https:\/\/pkorsak.eu\/en\/wp-json\/wp\/v2\/pages\/544"}],"collection":[{"href":"https:\/\/pkorsak.eu\/en\/wp-json\/wp\/v2\/pages"}],"about":[{"href":"https:\/\/pkorsak.eu\/en\/wp-json\/wp\/v2\/types\/page"}],"author":[{"embeddable":true,"href":"https:\/\/pkorsak.eu\/en\/wp-json\/wp\/v2\/users\/1"}],"replies":[{"embeddable":true,"href":"https:\/\/pkorsak.eu\/en\/wp-json\/wp\/v2\/comments?post=544"}],"version-history":[{"count":4,"href":"https:\/\/pkorsak.eu\/en\/wp-json\/wp\/v2\/pages\/544\/revisions"}],"predecessor-version":[{"id":563,"href":"https:\/\/pkorsak.eu\/en\/wp-json\/wp\/v2\/pages\/544\/revisions\/563"}],"up":[{"embeddable":true,"href":"https:\/\/pkorsak.eu\/en\/wp-json\/wp\/v2\/pages\/543"}],"wp:attachment":[{"href":"https:\/\/pkorsak.eu\/en\/wp-json\/wp\/v2\/media?parent=544"}],"curies":[{"name":"wp","href":"https:\/\/api.w.org\/{rel}","templated":true}]}}